{"id":584,"date":"2025-02-09T11:09:04","date_gmt":"2025-02-09T11:09:04","guid":{"rendered":"https:\/\/cihanturkhotel.com\/?page_id=584"},"modified":"2025-02-14T11:25:57","modified_gmt":"2025-02-14T11:25:57","slug":"suit-oda","status":"publish","type":"page","link":"https:\/\/cihanturkhotel.com\/en\/suit-oda\/","title":{"rendered":"Suit Oda"},"content":{"rendered":"\t\t<div data-elementor-type=\"wp-page\" data-elementor-id=\"584\" class=\"elementor elementor-584\" data-elementor-post-type=\"page\">\n\t\t\t\t\t\t<section class=\"elementor-section elementor-top-section elementor-element elementor-element-1df7ba4 elementor-section-boxed elementor-section-height-default elementor-section-height-default\" data-id=\"1df7ba4\" data-element_type=\"section\" data-e-type=\"section\" data-settings=\"{&quot;background_background&quot;:&quot;slideshow&quot;,&quot;background_slideshow_gallery&quot;:[{&quot;id&quot;:989,&quot;url&quot;:&quot;https:\\\/\\\/cihanturkhotel.com\\\/wp-content\\\/uploads\\\/2025\\\/02\\\/ara-slider.jpg&quot;},{&quot;id&quot;:988,&quot;url&quot;:&quot;https:\\\/\\\/cihanturkhotel.com\\\/wp-content\\\/uploads\\\/2025\\\/02\\\/ara-slider2.jpg&quot;}],&quot;background_slideshow_ken_burns&quot;:&quot;yes&quot;,&quot;background_slideshow_loop&quot;:&quot;yes&quot;,&quot;background_slideshow_slide_duration&quot;:5000,&quot;background_slideshow_slide_transition&quot;:&quot;fade&quot;,&quot;background_slideshow_transition_duration&quot;:500,&quot;background_slideshow_ken_burns_zoom_direction&quot;:&quot;in&quot;,&quot;ekit_has_onepagescroll_dot&quot;:&quot;yes&quot;}\">\n\t\t\t\t\t\t<div class=\"elementor-container elementor-column-gap-default\">\n\t\t\t\t\t<div class=\"elementor-column elementor-col-100 elementor-top-column elementor-element elementor-element-63e4501\" data-id=\"63e4501\" data-element_type=\"column\" data-e-type=\"column\">\n\t\t\t<div class=\"elementor-widget-wrap elementor-element-populated\">\n\t\t\t\t\t\t<div class=\"elementor-element elementor-element-c92ed76 elementor-widget elementor-widget-gva-heading-block\" data-id=\"c92ed76\" data-element_type=\"widget\" data-e-type=\"widget\" data-settings=\"{&quot;ekit_we_effect_on&quot;:&quot;none&quot;}\" data-widget_type=\"gva-heading-block.default\">\n\t\t\t\t<div class=\"elementor-widget-container\">\n\t\t\t\t\t<div class=\"gva-element-gva-heading-block gva-element\">   <div class=\"align-center style-1 widget gsc-heading box-align-left auto-responsive\">\r\n      <div class=\"content-inner\">\r\n         \r\n                  \r\n           \r\n         \r\n                     <h2 class=\"title\">\r\n               <span>Suit Oda<\/span>\r\n            <\/h2>\r\n                  \r\n         \r\n         \r\n      <\/div>\r\n   <\/div>\r\n<\/div>\t\t\t\t<\/div>\n\t\t\t\t<\/div>\n\t\t\t\t\t<\/div>\n\t\t<\/div>\n\t\t\t\t\t<\/div>\n\t\t<\/section>\n\t\t\t\t<section class=\"elementor-section elementor-top-section elementor-element elementor-element-397feec elementor-section-boxed elementor-section-height-default elementor-section-height-default\" data-id=\"397feec\" data-element_type=\"section\" data-e-type=\"section\" data-settings=\"{&quot;background_background&quot;:&quot;classic&quot;,&quot;ekit_has_onepagescroll_dot&quot;:&quot;yes&quot;}\">\n\t\t\t\t\t\t<div class=\"elementor-container elementor-column-gap-default\">\n\t\t\t\t\t<div class=\"elementor-column elementor-col-100 elementor-top-column elementor-element elementor-element-6809847\" data-id=\"6809847\" data-element_type=\"column\" data-e-type=\"column\">\n\t\t\t<div class=\"elementor-widget-wrap\">\n\t\t\t\t\t\t\t<\/div>\n\t\t<\/div>\n\t\t\t\t\t<\/div>\n\t\t<\/section>\n\t\t\t\t<section class=\"elementor-section elementor-top-section elementor-element elementor-element-d4db8cf elementor-section-boxed elementor-section-height-default elementor-section-height-default\" data-id=\"d4db8cf\" data-element_type=\"section\" data-e-type=\"section\" data-settings=\"{&quot;ekit_has_onepagescroll_dot&quot;:&quot;yes&quot;}\">\n\t\t\t\t\t\t<div class=\"elementor-container elementor-column-gap-default\">\n\t\t\t\t\t<div class=\"elementor-column elementor-col-33 elementor-top-column elementor-element elementor-element-3fce37c\" data-id=\"3fce37c\" data-element_type=\"column\" data-e-type=\"column\">\n\t\t\t<div class=\"elementor-widget-wrap elementor-element-populated\">\n\t\t\t\t\t\t<div class=\"elementor-element elementor-element-3fe4437 elementor-widget elementor-widget-heading\" data-id=\"3fe4437\" data-element_type=\"widget\" data-e-type=\"widget\" data-settings=\"{&quot;ekit_we_effect_on&quot;:&quot;none&quot;}\" data-widget_type=\"heading.default\">\n\t\t\t\t<div class=\"elementor-widget-container\">\n\t\t\t\t\t<h2 class=\"elementor-heading-title elementor-size-default\">Suit Oda\n<\/h2>\t\t\t\t<\/div>\n\t\t\t\t<\/div>\n\t\t\t\t<div class=\"elementor-element elementor-element-e5a47fd elementor-widget elementor-widget-heading\" data-id=\"e5a47fd\" data-element_type=\"widget\" data-e-type=\"widget\" data-settings=\"{&quot;ekit_we_effect_on&quot;:&quot;none&quot;}\" data-widget_type=\"heading.default\">\n\t\t\t\t<div class=\"elementor-widget-container\">\n\t\t\t\t\t<h2 class=\"elementor-heading-title elementor-size-default\">Oda \u00d6zellikleri\n<\/h2>\t\t\t\t<\/div>\n\t\t\t\t<\/div>\n\t\t\t\t<div class=\"elementor-element elementor-element-19ac313 elementor-widget elementor-widget-text-editor\" data-id=\"19ac313\" data-element_type=\"widget\" data-e-type=\"widget\" data-settings=\"{&quot;ekit_we_effect_on&quot;:&quot;none&quot;}\" data-widget_type=\"text-editor.default\">\n\t\t\t\t<div class=\"elementor-widget-container\">\n\t\t\t\t\t\t\t\t\t<p>Odalar\u0131n tamam\u0131nda Balkon, Telefon, Uydu Kanallar\u0131, Kablolu Yay\u0131n Kanallar\u0131, Emanet Kasas\u0131, Klima, Ah\u015fap\/Parke Zemin, Du\u015f, Sa\u00e7 Kurutma Makinesi, Tuvalet, Banyo, Buzdolab\u0131 ve Uyand\u0131rma Servisi bulunmaktad\u0131r.<\/p><div id=\"42DD5F88_7C2E_4011_FCCE_8BFF3C6B760C\">\u00a0<\/div>\t\t\t\t\t\t\t\t<\/div>\n\t\t\t\t<\/div>\n\t\t\t\t<div class=\"elementor-element elementor-element-a2bfa98 elementor-widget elementor-widget-gva_icon_box_group\" data-id=\"a2bfa98\" data-element_type=\"widget\" data-e-type=\"widget\" data-settings=\"{&quot;ekit_we_effect_on&quot;:&quot;none&quot;}\" data-widget_type=\"gva_icon_box_group.default\">\n\t\t\t\t<div class=\"elementor-widget-container\">\n\t\t\t\t\t<div class=\"gva-element-gva_icon_box_group gva-element\">\r\n<div class=\"gsc-icon-box-group iconboxs-layout-list\">\r\n\t\r\n<div class=\"icon-box-item elementor-repeater-item-13d9e63\">\r\n\t\t\r\n\t\t<div class=\"iconbox-two__single\"><div class=\"iconbox-two__content\"><div class=\"iconbox-two__icon\"><i aria-hidden=\"true\" class=\" bicon-cocktail\"><\/i><\/div><div class=\"iconbox-two__content-inner\"><h3 class=\"iconbox-two__title\">Minibar (\u00dccretli)<\/h3><div class=\"iconbox-two__desc\">Odan\u0131zda yer alan mini bar, \u00e7e\u015fitli at\u0131\u015ft\u0131rmal\u0131klar ve i\u00e7eceklerle \u00fccretli olarak hizmetinizdedir.<\/div><\/div><\/div>\t\t  <a href=\"https:\/\/gaviaspreview.com\/wp\/boliin\/rooms-page\/\" class=\"iconbox-two__link-overlay\">\r\n\t\t\t \t\t  <\/a>\r\n\t\t  <\/div><\/div>\r\n<div class=\"icon-box-item elementor-repeater-item-a930258\">\r\n\t\t\r\n\t\t<div class=\"iconbox-two__single\"><div class=\"iconbox-two__content\"><div class=\"iconbox-two__icon\"><i aria-hidden=\"true\" class=\"fas fa-air-freshener\"><\/i><\/div><div class=\"iconbox-two__content-inner\"><h3 class=\"iconbox-two__title\">Split Klima<\/h3><div class=\"iconbox-two__desc\">Konforunuz i\u00e7in odalar\u0131m\u0131zda s\u0131cakl\u0131k kontrol\u00fc sa\u011flayan split klima bulunmaktad\u0131r.<\/div><\/div><\/div>\t\t  <a href=\"https:\/\/gaviaspreview.com\/wp\/boliin\/rooms-page\/\" class=\"iconbox-two__link-overlay\">\r\n\t\t\t \t\t  <\/a>\r\n\t\t  <\/div><\/div>\r\n<div class=\"icon-box-item elementor-repeater-item-9faf158\">\r\n\t\t\r\n\t\t<div class=\"iconbox-two__single\"><div class=\"iconbox-two__content\"><div class=\"iconbox-two__icon\"><i aria-hidden=\"true\" class=\" bicon-wifi-router\"><\/i><\/div><div class=\"iconbox-two__content-inner\"><h3 class=\"iconbox-two__title\">Wifi Internet<\/h3><div class=\"iconbox-two__desc\">Otel genelinde kesintisiz ve h\u0131zl\u0131 Wi-Fi eri\u015fimi sunulmaktad\u0131r.<\/div><\/div><\/div>\t\t  <a href=\"https:\/\/gaviaspreview.com\/wp\/boliin\/rooms-page\/\" class=\"iconbox-two__link-overlay\">\r\n\t\t\t \t\t  <\/a>\r\n\t\t  <\/div><\/div>\r\n<div class=\"icon-box-item elementor-repeater-item-4886be4\">\r\n\t\t\r\n\t\t<div class=\"iconbox-two__single\"><div class=\"iconbox-two__content\"><div class=\"iconbox-two__icon\"><i aria-hidden=\"true\" class=\"icon icon-hair-dryer\"><\/i><\/div><div class=\"iconbox-two__content-inner\"><h3 class=\"iconbox-two__title\">Sa\u00e7 Kurutma Makinesi<\/h3><div class=\"iconbox-two__desc\">Odalar\u0131m\u0131zda ki\u015fisel bak\u0131m\u0131n\u0131z\u0131 kolayla\u015ft\u0131ran sa\u00e7 kurutma makinesi mevcuttur.<\/div><\/div><\/div>\t\t  <a href=\"https:\/\/gaviaspreview.com\/wp\/boliin\/rooms-page\/\" class=\"iconbox-two__link-overlay\">\r\n\t\t\t \t\t  <\/a>\r\n\t\t  <\/div><\/div>\r\n<div class=\"icon-box-item elementor-repeater-item-9893eb1\">\r\n\t\t\r\n\t\t<div class=\"iconbox-two__single\"><div class=\"iconbox-two__content\"><div class=\"iconbox-two__icon\"><i aria-hidden=\"true\" class=\"fas fa-tv\"><\/i><\/div><div class=\"iconbox-two__content-inner\"><h3 class=\"iconbox-two__title\">Uydu Yay\u0131nl\u0131 Tv<\/h3><div class=\"iconbox-two__desc\">Geni\u015f kanal se\u00e7enekleri sunan uydu yay\u0131nl\u0131 TV ile keyifli vakit ge\u00e7irebilirsiniz.<\/div><\/div><\/div>\t\t  <a href=\"https:\/\/gaviaspreview.com\/wp\/boliin\/rooms-page\/\" class=\"iconbox-two__link-overlay\">\r\n\t\t\t \t\t  <\/a>\r\n\t\t  <\/div><\/div><\/div>\r\n<\/div>\t\t\t\t<\/div>\n\t\t\t\t<\/div>\n\t\t\t\t\t<\/div>\n\t\t<\/div>\n\t\t\t\t<div class=\"elementor-column elementor-col-66 elementor-top-column elementor-element elementor-element-91b4808\" data-id=\"91b4808\" data-element_type=\"column\" data-e-type=\"column\">\n\t\t\t<div class=\"elementor-widget-wrap elementor-element-populated\">\n\t\t\t\t\t\t<div class=\"elementor-element elementor-element-4f3ecb8 elementor-widget elementor-widget-image-gallery\" data-id=\"4f3ecb8\" data-element_type=\"widget\" data-e-type=\"widget\" data-settings=\"{&quot;ekit_we_effect_on&quot;:&quot;none&quot;}\" data-widget_type=\"image-gallery.default\">\n\t\t\t\t<div class=\"elementor-widget-container\">\n\t\t\t\t\t\t\t<div class=\"elementor-image-gallery\">\n\t\t\t\n\t\t<style type=\"text\/css\">\n\t\t\t#gallery-1 {\n\t\t\t\tmargin: auto;\n\t\t\t}\n\t\t\t#gallery-1 .gallery-item {\n\t\t\t\tfloat: left;\n\t\t\t\tmargin-top: 10px;\n\t\t\t\ttext-align: center;\n\t\t\t\twidth: 33%;\n\t\t\t}\n\t\t\t#gallery-1 img {\n\t\t\t\tborder: 2px solid #cfcfcf;\n\t\t\t}\n\t\t\t#gallery-1 .gallery-caption {\n\t\t\t\tmargin-left: 0;\n\t\t\t}\n\t\t\t\/* see gallery_shortcode() in wp-includes\/media.php *\/\n\t\t<\/style>\n\t\t<div id='gallery-1' class='gallery galleryid-584 gallery-columns-3 gallery-size-medium_large'><dl class='gallery-item'>\n\t\t\t<dt class='gallery-icon landscape'>\n\t\t\t\t<a data-elementor-open-lightbox=\"yes\" data-elementor-lightbox-slideshow=\"4f3ecb8\" data-elementor-lightbox-title=\"cihanturk-suit-oda2\" data-e-action-hash=\"#elementor-action%3Aaction%3Dlightbox%26settings%3DeyJpZCI6NTg1LCJ1cmwiOiJodHRwczpcL1wvY2loYW50dXJraG90ZWwuY29tXC93cC1jb250ZW50XC91cGxvYWRzXC8yMDI1XC8wMlwvY2loYW50dXJrLXN1aXQtb2RhMi5qcGciLCJzbGlkZXNob3ciOiI0ZjNlY2I4In0%3D\" href='https:\/\/cihanturkhotel.com\/wp-content\/uploads\/2025\/02\/cihanturk-suit-oda2.jpg'><img fetchpriority=\"high\" decoding=\"async\" width=\"600\" height=\"600\" src=\"https:\/\/cihanturkhotel.com\/wp-content\/uploads\/2025\/02\/cihanturk-suit-oda2.jpg\" class=\"attachment-medium_large size-medium_large\" alt=\"\" srcset=\"https:\/\/cihanturkhotel.com\/wp-content\/uploads\/2025\/02\/cihanturk-suit-oda2.jpg 600w, https:\/\/cihanturkhotel.com\/wp-content\/uploads\/2025\/02\/cihanturk-suit-oda2-175x175.jpg 175w, https:\/\/cihanturkhotel.com\/wp-content\/uploads\/2025\/02\/cihanturk-suit-oda2-500x500.jpg 500w, https:\/\/cihanturkhotel.com\/wp-content\/uploads\/2025\/02\/cihanturk-suit-oda2-300x300.jpg 300w, https:\/\/cihanturkhotel.com\/wp-content\/uploads\/2025\/02\/cihanturk-suit-oda2-180x180.jpg 180w\" sizes=\"(max-width: 600px) 100vw, 600px\" \/><\/a>\n\t\t\t<\/dt><\/dl><dl class='gallery-item'>\n\t\t\t<dt class='gallery-icon landscape'>\n\t\t\t\t<a data-elementor-open-lightbox=\"yes\" data-elementor-lightbox-slideshow=\"4f3ecb8\" data-elementor-lightbox-title=\"cihanturk-suit-oda3\" data-e-action-hash=\"#elementor-action%3Aaction%3Dlightbox%26settings%3DeyJpZCI6NTg2LCJ1cmwiOiJodHRwczpcL1wvY2loYW50dXJraG90ZWwuY29tXC93cC1jb250ZW50XC91cGxvYWRzXC8yMDI1XC8wMlwvY2loYW50dXJrLXN1aXQtb2RhMy5qcGciLCJzbGlkZXNob3ciOiI0ZjNlY2I4In0%3D\" href='https:\/\/cihanturkhotel.com\/wp-content\/uploads\/2025\/02\/cihanturk-suit-oda3.jpg'><img decoding=\"async\" width=\"600\" height=\"600\" src=\"https:\/\/cihanturkhotel.com\/wp-content\/uploads\/2025\/02\/cihanturk-suit-oda3.jpg\" class=\"attachment-medium_large size-medium_large\" alt=\"\" srcset=\"https:\/\/cihanturkhotel.com\/wp-content\/uploads\/2025\/02\/cihanturk-suit-oda3.jpg 600w, https:\/\/cihanturkhotel.com\/wp-content\/uploads\/2025\/02\/cihanturk-suit-oda3-175x175.jpg 175w, https:\/\/cihanturkhotel.com\/wp-content\/uploads\/2025\/02\/cihanturk-suit-oda3-500x500.jpg 500w, https:\/\/cihanturkhotel.com\/wp-content\/uploads\/2025\/02\/cihanturk-suit-oda3-300x300.jpg 300w, https:\/\/cihanturkhotel.com\/wp-content\/uploads\/2025\/02\/cihanturk-suit-oda3-180x180.jpg 180w\" sizes=\"(max-width: 600px) 100vw, 600px\" \/><\/a>\n\t\t\t<\/dt><\/dl><dl class='gallery-item'>\n\t\t\t<dt class='gallery-icon landscape'>\n\t\t\t\t<a data-elementor-open-lightbox=\"yes\" data-elementor-lightbox-slideshow=\"4f3ecb8\" data-elementor-lightbox-title=\"cihanturk-suit-oda\" data-e-action-hash=\"#elementor-action%3Aaction%3Dlightbox%26settings%3DeyJpZCI6NTg3LCJ1cmwiOiJodHRwczpcL1wvY2loYW50dXJraG90ZWwuY29tXC93cC1jb250ZW50XC91cGxvYWRzXC8yMDI1XC8wMlwvY2loYW50dXJrLXN1aXQtb2RhLmpwZyIsInNsaWRlc2hvdyI6IjRmM2VjYjgifQ%3D%3D\" href='https:\/\/cihanturkhotel.com\/wp-content\/uploads\/2025\/02\/cihanturk-suit-oda.jpg'><img decoding=\"async\" width=\"600\" height=\"600\" src=\"https:\/\/cihanturkhotel.com\/wp-content\/uploads\/2025\/02\/cihanturk-suit-oda.jpg\" class=\"attachment-medium_large size-medium_large\" alt=\"\" srcset=\"https:\/\/cihanturkhotel.com\/wp-content\/uploads\/2025\/02\/cihanturk-suit-oda.jpg 600w, https:\/\/cihanturkhotel.com\/wp-content\/uploads\/2025\/02\/cihanturk-suit-oda-175x175.jpg 175w, https:\/\/cihanturkhotel.com\/wp-content\/uploads\/2025\/02\/cihanturk-suit-oda-500x500.jpg 500w, https:\/\/cihanturkhotel.com\/wp-content\/uploads\/2025\/02\/cihanturk-suit-oda-300x300.jpg 300w, https:\/\/cihanturkhotel.com\/wp-content\/uploads\/2025\/02\/cihanturk-suit-oda-180x180.jpg 180w\" sizes=\"(max-width: 600px) 100vw, 600px\" \/><\/a>\n\t\t\t<\/dt><\/dl><br style=\"clear: both\" \/><dl class='gallery-item'>\n\t\t\t<dt class='gallery-icon landscape'>\n\t\t\t\t<a data-elementor-open-lightbox=\"yes\" data-elementor-lightbox-slideshow=\"4f3ecb8\" data-elementor-lightbox-title=\"cihanturk-suit-oda1\" data-e-action-hash=\"#elementor-action%3Aaction%3Dlightbox%26settings%3DeyJpZCI6NTg4LCJ1cmwiOiJodHRwczpcL1wvY2loYW50dXJraG90ZWwuY29tXC93cC1jb250ZW50XC91cGxvYWRzXC8yMDI1XC8wMlwvY2loYW50dXJrLXN1aXQtb2RhMS5qcGciLCJzbGlkZXNob3ciOiI0ZjNlY2I4In0%3D\" href='https:\/\/cihanturkhotel.com\/wp-content\/uploads\/2025\/02\/cihanturk-suit-oda1.jpg'><img loading=\"lazy\" decoding=\"async\" width=\"600\" height=\"600\" src=\"https:\/\/cihanturkhotel.com\/wp-content\/uploads\/2025\/02\/cihanturk-suit-oda1.jpg\" class=\"attachment-medium_large size-medium_large\" alt=\"\" srcset=\"https:\/\/cihanturkhotel.com\/wp-content\/uploads\/2025\/02\/cihanturk-suit-oda1.jpg 600w, https:\/\/cihanturkhotel.com\/wp-content\/uploads\/2025\/02\/cihanturk-suit-oda1-175x175.jpg 175w, https:\/\/cihanturkhotel.com\/wp-content\/uploads\/2025\/02\/cihanturk-suit-oda1-500x500.jpg 500w, https:\/\/cihanturkhotel.com\/wp-content\/uploads\/2025\/02\/cihanturk-suit-oda1-300x300.jpg 300w, https:\/\/cihanturkhotel.com\/wp-content\/uploads\/2025\/02\/cihanturk-suit-oda1-180x180.jpg 180w\" sizes=\"(max-width: 600px) 100vw, 600px\" \/><\/a>\n\t\t\t<\/dt><\/dl>\n\t\t\t<br style='clear: both' \/>\n\t\t<\/div>\n\t\t<\/div>\n\t\t\t\t\t\t<\/div>\n\t\t\t\t<\/div>\n\t\t\t\t\t<\/div>\n\t\t<\/div>\n\t\t\t\t\t<\/div>\n\t\t<\/section>\n\t\t\t\t<\/div>\n\t\t","protected":false},"excerpt":{"rendered":"<p>Suit Oda Suit Oda Oda \u00d6zellikleri Odalar\u0131n tamam\u0131nda Balkon, Telefon, Uydu Kanallar\u0131, Kablolu Yay\u0131n Kanallar\u0131, Emanet Kasas\u0131, Klima, Ah\u015fap\/Parke Zemin, Du\u015f, Sa\u00e7 Kurutma Makinesi, Tuvalet, Banyo, Buzdolab\u0131 ve Uyand\u0131rma Servisi [&hellip;]<\/p>\n","protected":false},"author":1,"featured_media":0,"parent":0,"menu_order":0,"comment_status":"closed","ping_status":"closed","template":"","meta":{"footnotes":""},"class_list":["post-584","page","type-page","status-publish","hentry"],"_links":{"self":[{"href":"https:\/\/cihanturkhotel.com\/en\/wp-json\/wp\/v2\/pages\/584","targetHints":{"allow":["GET"]}}],"collection":[{"href":"https:\/\/cihanturkhotel.com\/en\/wp-json\/wp\/v2\/pages"}],"about":[{"href":"https:\/\/cihanturkhotel.com\/en\/wp-json\/wp\/v2\/types\/page"}],"author":[{"embeddable":true,"href":"https:\/\/cihanturkhotel.com\/en\/wp-json\/wp\/v2\/users\/1"}],"replies":[{"embeddable":true,"href":"https:\/\/cihanturkhotel.com\/en\/wp-json\/wp\/v2\/comments?post=584"}],"version-history":[{"count":10,"href":"https:\/\/cihanturkhotel.com\/en\/wp-json\/wp\/v2\/pages\/584\/revisions"}],"predecessor-version":[{"id":1060,"href":"https:\/\/cihanturkhotel.com\/en\/wp-json\/wp\/v2\/pages\/584\/revisions\/1060"}],"wp:attachment":[{"href":"https:\/\/cihanturkhotel.com\/en\/wp-json\/wp\/v2\/media?parent=584"}],"curies":[{"name":"wp","href":"https:\/\/api.w.org\/{rel}","templated":true}]}}